{"id":23,"date":"2026-03-17T19:43:15","date_gmt":"2026-03-17T18:43:15","guid":{"rendered":"http:\/\/clou-studio.pl\/?page_id=23"},"modified":"2026-03-17T21:19:29","modified_gmt":"2026-03-17T20:19:29","slug":"elementor-23","status":"publish","type":"page","link":"http:\/\/clou-studio.pl\/","title":{"rendered":"Elementor #23"},"content":{"rendered":"\t\t<div data-elementor-type=\"wp-post\" data-elementor-id=\"23\" class=\"elementor elementor-23\">\n\t\t\t\t<div class=\"elementor-element elementor-element-d0da361 e-con-full e-flex e-con e-parent\" data-id=\"d0da361\" data-element_type=\"container\" data-e-type=\"container\">\n\t\t<div class=\"elementor-element elementor-element-99f11ce e-con-full e-flex e-con e-child\" data-id=\"99f11ce\" data-element_type=\"container\" data-e-type=\"container\" data-settings=\"{&quot;background_background&quot;:&quot;classic&quot;}\">\n\t\t\t\t<div class=\"elementor-element elementor-element-27181b5 elementor-align-left elementor-absolute elementor-widget elementor-widget-button\" data-id=\"27181b5\" data-element_type=\"widget\" data-e-type=\"widget\" data-settings=\"{&quot;_position&quot;:&quot;absolute&quot;}\" data-widget_type=\"button.default\">\n\t\t\t\t\t\t\t\t\t\t<a class=\"elementor-button elementor-button-link elementor-size-sm\" href=\"#\">\n\t\t\t\t\t\t<span class=\"elementor-button-content-wrapper\">\n\t\t\t\t\t\t\t\t\t<span class=\"elementor-button-text\">clou studio<\/span>\n\t\t\t\t\t<\/span>\n\t\t\t\t\t<\/a>\n\t\t\t\t\t\t\t\t<\/div>\n\t\t\t\t<div class=\"elementor-element elementor-element-c156367 elementor-align-left elementor-absolute elementor-widget elementor-widget-button\" data-id=\"c156367\" data-element_type=\"widget\" data-e-type=\"widget\" data-settings=\"{&quot;_position&quot;:&quot;absolute&quot;}\" data-widget_type=\"button.default\">\n\t\t\t\t\t\t\t\t\t\t<a class=\"elementor-button elementor-button-link elementor-size-sm\" href=\"#\">\n\t\t\t\t\t\t<span class=\"elementor-button-content-wrapper\">\n\t\t\t\t\t\t\t\t\t<span class=\"elementor-button-text\">projekty<\/span>\n\t\t\t\t\t<\/span>\n\t\t\t\t\t<\/a>\n\t\t\t\t\t\t\t\t<\/div>\n\t\t\t\t<div class=\"elementor-element elementor-element-b945810 elementor-align-left elementor-absolute elementor-widget elementor-widget-button\" data-id=\"b945810\" data-element_type=\"widget\" data-e-type=\"widget\" data-settings=\"{&quot;_position&quot;:&quot;absolute&quot;}\" data-widget_type=\"button.default\">\n\t\t\t\t\t\t\t\t\t\t<a class=\"elementor-button elementor-button-link elementor-size-sm\" href=\"#\">\n\t\t\t\t\t\t<span class=\"elementor-button-content-wrapper\">\n\t\t\t\t\t\t\t\t\t<span class=\"elementor-button-text\">o mnie<\/span>\n\t\t\t\t\t<\/span>\n\t\t\t\t\t<\/a>\n\t\t\t\t\t\t\t\t<\/div>\n\t\t\t\t<div class=\"elementor-element elementor-element-5f3b8eb elementor-absolute elementor-widget elementor-widget-heading\" data-id=\"5f3b8eb\" data-element_type=\"widget\" data-e-type=\"widget\" data-settings=\"{&quot;_position&quot;:&quot;absolute&quot;}\" data-widget_type=\"heading.default\">\n\t\t\t\t\t<h2 class=\"elementor-heading-title elementor-size-default\">Architektura i wn\u0119trza stworzone z my\u015bl\u0105 o dobrostanie<\/h2>\t\t\t\t<\/div>\n\t\t\t\t<\/div>\n\t\t<div class=\"elementor-element elementor-element-9f2c119 e-con-full e-flex e-con e-child\" data-id=\"9f2c119\" data-element_type=\"container\" data-e-type=\"container\">\n\t\t\t\t<div class=\"elementor-element elementor-element-d92981d elementor-widget elementor-widget-heading\" data-id=\"d92981d\" data-element_type=\"widget\" data-e-type=\"widget\" data-widget_type=\"heading.default\">\n\t\t\t\t\t<h1 class=\"elementor-heading-title elementor-size-default\">Clou Studio<\/h1>\t\t\t\t<\/div>\n\t\t\t\t<div class=\"elementor-element elementor-element-9e8ebb0 elementor-widget elementor-widget-heading\" data-id=\"9e8ebb0\" data-element_type=\"widget\" data-e-type=\"widget\" data-widget_type=\"heading.default\">\n\t\t\t\t\t<h6 class=\"elementor-heading-title elementor-size-default\">Clou Studio to studio architektoniczne. Clou - czyli esencja, to co najwa\u017cniejsze. Chcia\u0142abym kierowa\u0107 si\u0119 tym (i tak si\u0119 komunikowa\u0107), \u017ce naszym clou jest samopoczucie u\u017cytkownik\u00f3w. Zar\u00f3wno podczas pracy z Klientem (ma czu\u0107 si\u0119 zaopiekowany i profesjonalnie poprowadzony), podczas ca\u0142ej realizacji, jak r\u00f3wnie\u017c p\u00f3\u017aniej w u\u017cytkowaniu zaprojektowanego obiektu. Stawiamy sobie za cel stworzenie funkcjonalnych, ponadczasowych, dobrze zaprojektowanych przestrzeni. Zwracamy du\u017c\u0105 uwag\u0119 na rozwi\u0105zania ekologiczne, gdy\u017c jest to ju\u017c konieczno\u015b\u0107 w dzisiejszym \u015bwiecie. Projektujemy przestrzenie, kt\u00f3re wp\u0142ywaj\u0105 na dobrostan u\u017cytkownik\u00f3w. Projektujemy z indywidualnym podej\u015bciem do ka\u017cdego klienta - w centrum jest cz\u0142owiek i jego potrzeby.<!-- notionvc: b3f4f66b-f701-484f-babe-8489a31e6f09 --><\/h6>\t\t\t\t<\/div>\n\t\t\t\t<\/div>\n\t\t\t\t<\/div>\n\t\t<div class=\"elementor-element elementor-element-ed541e4 e-flex e-con-boxed e-con e-parent\" data-id=\"ed541e4\" data-element_type=\"container\" data-e-type=\"container\">\n\t\t\t\t\t<div class=\"e-con-inner\">\n\t\t<div class=\"elementor-element elementor-element-73cfbd8 e-con-full e-flex e-con e-child\" data-id=\"73cfbd8\" data-element_type=\"container\" data-e-type=\"container\">\n\t\t\t\t<\/div>\n\t\t\t\t\t<\/div>\n\t\t\t\t<\/div>\n\t\t\t\t<\/div>\n\t\t","protected":false},"excerpt":{"rendered":"<p>clou studio projekty o mnie Architektura i wn\u0119trza stworzone z my\u015bl\u0105 o dobrostanie Clou Studio Clou Studio to studio architektoniczne. Clou &#8211; czyli esencja, to co najwa\u017cniejsze. Chcia\u0142abym kierowa\u0107 si\u0119 tym (i tak si\u0119 komunikowa\u0107), \u017ce naszym clou jest samopoczucie u\u017cytkownik\u00f3w. Zar\u00f3wno podczas pracy z Klientem (ma czu\u0107 si\u0119 zaopiekowany i profesjonalnie poprowadzony), podczas ca\u0142ej [&hellip;]<\/p>\n","protected":false},"author":1,"featured_media":0,"parent":0,"menu_order":0,"comment_status":"closed","ping_status":"closed","template":"","meta":{"footnotes":""},"class_list":["post-23","page","type-page","status-publish","hentry"],"_links":{"self":[{"href":"http:\/\/clou-studio.pl\/index.php?rest_route=\/wp\/v2\/pages\/23","targetHints":{"allow":["GET"]}}],"collection":[{"href":"http:\/\/clou-studio.pl\/index.php?rest_route=\/wp\/v2\/pages"}],"about":[{"href":"http:\/\/clou-studio.pl\/index.php?rest_route=\/wp\/v2\/types\/page"}],"author":[{"embeddable":true,"href":"http:\/\/clou-studio.pl\/index.php?rest_route=\/wp\/v2\/users\/1"}],"replies":[{"embeddable":true,"href":"http:\/\/clou-studio.pl\/index.php?rest_route=%2Fwp%2Fv2%2Fcomments&post=23"}],"version-history":[{"count":19,"href":"http:\/\/clou-studio.pl\/index.php?rest_route=\/wp\/v2\/pages\/23\/revisions"}],"predecessor-version":[{"id":60,"href":"http:\/\/clou-studio.pl\/index.php?rest_route=\/wp\/v2\/pages\/23\/revisions\/60"}],"wp:attachment":[{"href":"http:\/\/clou-studio.pl\/index.php?rest_route=%2Fwp%2Fv2%2Fmedia&parent=23"}],"curies":[{"name":"wp","href":"https:\/\/api.w.org\/{rel}","templated":true}]}}